{"id":4625,"date":"2026-04-25T23:53:39","date_gmt":"2026-04-25T23:53:39","guid":{"rendered":"https:\/\/christianmakes.com\/?post_type=product&#038;p=4625"},"modified":"2026-04-25T23:57:57","modified_gmt":"2026-04-25T23:57:57","slug":"gobelet-croix-orthodoxe-texte-arabe-copy","status":"publish","type":"product","link":"https:\/\/christianmakes.com\/fr\/produit\/gobelet-croix-orthodoxe-texte-arabe-copy\/","title":{"rendered":"Gobelet &#8211; Croix Orthodoxe J\u00e9sus Christ Vainqueur"},"content":{"rendered":"<p>L&rsquo;inscription \u00ab IC XC NIKA \u00bb sur une croix orthodoxe est un christogramme grec signifiant \u00ab J\u00e9sus-Christ vainqueur \u00bb. Elle symbolise le triomphe du Christ sur le p\u00e9ch\u00e9, la mort et le diable par sa crucifixion et sa r\u00e9surrection. Ce symbole se retrouve fr\u00e9quemment sur les croix, les ic\u00f4nes et les objets liturgiques, rappelant la victoire.<\/p>\n<p>Gravure au laser sur un gobelet de 20 oz \u00e0 rev\u00eatement en poudre.<\/p>\n<p>Parfait comme cadeau attentionn\u00e9, ou simplement pour r\u00e9conforter une personne confront\u00e9e aux d\u00e9fis de la vie, cette tasse apporte une chaleur spirituelle \u00e0 chaque gorg\u00e9e.<\/p>\n<p>Pour les commandes group\u00e9es ou personnalis\u00e9es, n&rsquo;h\u00e9sitez pas \u00e0 me contacter pour discuter de vos besoins.<\/p>\n","protected":false},"excerpt":{"rendered":"<p>L&rsquo;inscription \u00ab IC XC NIKA \u00bb sur une croix orthodoxe est un christogramme grec signifiant \u00ab J\u00e9sus-Christ vainqueur \u00bb. Elle symbolise le triomphe du Christ sur le p\u00e9ch\u00e9, la mort et le diable par sa crucifixion et sa r\u00e9surrection. Ce symbole se retrouve fr\u00e9quemment sur les croix, les ic\u00f4nes et les objets liturgiques, rappelant la victoire.<\/p>\n","protected":false},"featured_media":4626,"comment_status":"open","ping_status":"closed","template":"","meta":{"_uag_custom_page_level_css":"","site-sidebar-layout":"default","site-content-layout":"","ast-site-content-layout":"default","site-content-style":"default","site-sidebar-style":"default","ast-global-header-display":"","ast-banner-title-visibility":"","ast-main-header-display":"","ast-hfb-above-header-display":"","ast-hfb-below-header-display":"","ast-hfb-mobile-header-display":"","site-post-title":"","ast-breadcrumbs-content":"","ast-featured-img":"","footer-sml-layout":"","ast-disable-related-posts":"","theme-transparent-header-meta":"default","adv-header-id-meta":"","stick-header-meta":"default","header-above-stick-meta":"","header-main-stick-meta":"","header-below-stick-meta":"","astra-migrate-meta-layouts":"set","ast-page-background-enabled":"default","ast-page-background-meta":{"desktop":{"background-color":"","background-image":"","background-repeat":"repeat","background-position":"center center","background-size":"auto","background-attachment":"scroll","background-type":"","background-media":"","overlay-type":"","overlay-color":"","overlay-opacity":"","overlay-gradient":""},"tablet":{"background-color":"","background-image":"","background-repeat":"repeat","background-position":"center center","background-size":"auto","background-attachment":"scroll","background-type":"","background-media":"","overlay-type":"","overlay-color":"","overlay-opacity":"","overlay-gradient":""},"mobile":{"background-color":"","background-image":"","background-repeat":"repeat","background-position":"center center","background-size":"auto","background-attachment":"scroll","background-type":"","background-media":"","overlay-type":"","overlay-color":"","overlay-opacity":"","overlay-gradient":""}},"ast-content-background-meta":{"desktop":{"background-color":"var(--ast-global-color-5)","background-image":"","background-repeat":"repeat","background-position":"center center","background-size":"auto","background-attachment":"scroll","background-type":"","background-media":"","overlay-type":"","overlay-color":"","overlay-opacity":"","overlay-gradient":""},"tablet":{"background-color":"var(--ast-global-color-5)","background-image":"","background-repeat":"repeat","background-position":"center center","background-size":"auto","background-attachment":"scroll","background-type":"","background-media":"","overlay-type":"","overlay-color":"","overlay-opacity":"","overlay-gradient":""},"mobile":{"background-color":"var(--ast-global-color-5)","background-image":"","background-repeat":"repeat","background-position":"center center","background-size":"auto","background-attachment":"scroll","background-type":"","background-media":"","overlay-type":"","overlay-color":"","overlay-opacity":"","overlay-gradient":""}}},"product_brand":[],"product_cat":[201],"product_tag":[154,158,155,157,159,153,156,160],"class_list":{"0":"post-4625","1":"product","2":"type-product","3":"status-publish","4":"has-post-thumbnail","6":"product_cat-goblet-noir","7":"product_tag-boissons","8":"product_tag-chretien","9":"product_tag-croix","10":"product_tag-foi","11":"product_tag-grec","12":"product_tag-mug","13":"product_tag-orthodoxe","14":"product_tag-russe","15":"desktop-align-center","16":"tablet-align-center","17":"mobile-align-center","18":"ast-product-gallery-layout-horizontal","19":"ast-product-gallery-with-no-image","20":"ast-product-tabs-layout-horizontal","21":"ast-qv-on-image","23":"first","24":"instock","25":"sale","26":"featured","27":"taxable","28":"shipping-taxable","29":"purchasable","30":"product-type-simple"},"uagb_featured_image_src":{"full":["https:\/\/christianmakes.com\/wp-content\/uploads\/2026\/04\/Cross_ICXC.jpg",2000,2000,false],"thumbnail":["https:\/\/christianmakes.com\/wp-content\/uploads\/2026\/04\/Cross_ICXC-150x150.jpg",150,150,true],"medium":["https:\/\/christianmakes.com\/wp-content\/uploads\/2026\/04\/Cross_ICXC-300x300.jpg",300,300,true],"medium_large":["https:\/\/christianmakes.com\/wp-content\/uploads\/2026\/04\/Cross_ICXC-768x768.jpg",768,768,true],"large":["https:\/\/christianmakes.com\/wp-content\/uploads\/2026\/04\/Cross_ICXC-1024x1024.jpg",1024,1024,true],"1536x1536":["https:\/\/christianmakes.com\/wp-content\/uploads\/2026\/04\/Cross_ICXC-1536x1536.jpg",1536,1536,true],"2048x2048":["https:\/\/christianmakes.com\/wp-content\/uploads\/2026\/04\/Cross_ICXC.jpg",2000,2000,false],"woocommerce_thumbnail":["https:\/\/christianmakes.com\/wp-content\/uploads\/2026\/04\/Cross_ICXC-300x300.jpg",300,300,true],"woocommerce_single":["https:\/\/christianmakes.com\/wp-content\/uploads\/2026\/04\/Cross_ICXC-600x600.jpg",600,600,true],"woocommerce_gallery_thumbnail":["https:\/\/christianmakes.com\/wp-content\/uploads\/2026\/04\/Cross_ICXC-100x100.jpg",100,100,true]},"uagb_author_info":{"display_name":"info@christianmakes.com","author_link":"https:\/\/christianmakes.com\/fr\/author\/"},"uagb_comment_info":0,"uagb_excerpt":"L'inscription \u00ab IC XC NIKA \u00bb sur une croix orthodoxe est un christogramme grec signifiant \u00ab J\u00e9sus-Christ vainqueur \u00bb. Elle symbolise le triomphe du Christ sur le p\u00e9ch\u00e9, la mort et le diable par sa crucifixion et sa r\u00e9surrection. Ce symbole se retrouve fr\u00e9quemment sur les croix, les ic\u00f4nes et les objets liturgiques, rappelant la\u2026","_links":{"self":[{"href":"https:\/\/christianmakes.com\/fr\/wp-json\/wp\/v2\/product\/4625","targetHints":{"allow":["GET"]}}],"collection":[{"href":"https:\/\/christianmakes.com\/fr\/wp-json\/wp\/v2\/product"}],"about":[{"href":"https:\/\/christianmakes.com\/fr\/wp-json\/wp\/v2\/types\/product"}],"replies":[{"embeddable":true,"href":"https:\/\/christianmakes.com\/fr\/wp-json\/wp\/v2\/comments?post=4625"}],"wp:featuredmedia":[{"embeddable":true,"href":"https:\/\/christianmakes.com\/fr\/wp-json\/wp\/v2\/media\/4626"}],"wp:attachment":[{"href":"https:\/\/christianmakes.com\/fr\/wp-json\/wp\/v2\/media?parent=4625"}],"wp:term":[{"taxonomy":"product_brand","embeddable":true,"href":"https:\/\/christianmakes.com\/fr\/wp-json\/wp\/v2\/product_brand?post=4625"},{"taxonomy":"product_cat","embeddable":true,"href":"https:\/\/christianmakes.com\/fr\/wp-json\/wp\/v2\/product_cat?post=4625"},{"taxonomy":"product_tag","embeddable":true,"href":"https:\/\/christianmakes.com\/fr\/wp-json\/wp\/v2\/product_tag?post=4625"}],"curies":[{"name":"wp","href":"https:\/\/api.w.org\/{rel}","templated":true}]}}